{"id":208,"date":"2017-01-11T11:54:26","date_gmt":"2017-01-11T11:54:26","guid":{"rendered":"http:\/\/agrar-nenzing.at\/?page_id=208"},"modified":"2025-12-09T08:02:58","modified_gmt":"2025-12-09T08:02:58","slug":"mitglieder-vorstand-und-ausschuss","status":"publish","type":"page","link":"https:\/\/agrar-nenzing.at\/?page_id=208","title":{"rendered":"Vorstand, Ausschuss, Aufsichtsrat"},"content":{"rendered":"<h5>Vorstand der agrargemeinschaft nenzing<\/h5>\n<p>von links nach rechts:<\/p>\n<p>Erich Decet (Vorstand Mittelberg-Gurtis)<br \/>\nGerhard Kaufmann (Obmann-Stellvertreter, Vertreter der Marktgemeinde Nenzing)<br \/>\nJohann Burtscher (Vorstand Nenzing-Dorf)<br \/>\nJohannes Maier (Obmann)<br \/>\nWerner Fritsch (Vorstand Nenzing-Dorf)<br \/>\nHermann Jutz (Aufsichtsratsvorsitzender)<\/p>\n<p><img loading=\"lazy\" decoding=\"async\" class=\"alignnone size-full wp-image-5093\" src=\"https:\/\/agrar-nenzing.at\/wp-content\/uploads\/2025\/11\/Vorstand-neu-2025-scaled.jpg\" alt=\"\" width=\"2560\" height=\"1920\" srcset=\"https:\/\/agrar-nenzing.at\/wp-content\/uploads\/2025\/11\/Vorstand-neu-2025-scaled.jpg 2560w, https:\/\/agrar-nenzing.at\/wp-content\/uploads\/2025\/11\/Vorstand-neu-2025-300x225.jpg 300w, https:\/\/agrar-nenzing.at\/wp-content\/uploads\/2025\/11\/Vorstand-neu-2025-1024x768.jpg 1024w, https:\/\/agrar-nenzing.at\/wp-content\/uploads\/2025\/11\/Vorstand-neu-2025-768x576.jpg 768w, https:\/\/agrar-nenzing.at\/wp-content\/uploads\/2025\/11\/Vorstand-neu-2025-1536x1152.jpg 1536w, https:\/\/agrar-nenzing.at\/wp-content\/uploads\/2025\/11\/Vorstand-neu-2025-2048x1536.jpg 2048w\" sizes=\"auto, (max-width: 767px) 89vw, (max-width: 1000px) 54vw, (max-width: 1071px) 543px, 580px\" \/><\/p>\n<h5><\/h5>\n<h5>AUSSCHUSS ab November 2024<\/h5>\n<p>Bei den Ausschusswahlen im November 2024 wurde nachstehender Ausschuss f\u00fcr die n\u00e4chsten vier Jahre von den Mitgliedern der Agrargemeinschaft Nenzing gew\u00e4hlt:<\/p>\n<h5>Nenzing &#8211; Dorf (10 mitglieder)<\/h5>\n<p>Johannes Maier, Obmann, Vorstand, Ausschuss<br \/>\nFranz Ruch, Ausschuss<br \/>\nJohann Burtscher, Vorstand, Ausschuss<br \/>\nWerner Fritsch, Vorstand, Ausschuss<br \/>\nAndreas Lutz, Ausschuss<br \/>\nKarin Haas, Ausschuss<br \/>\nJosef Latzer, Ausschuss<br \/>\nStefan Langer,\u00a0 Ausschuss<br \/>\nKarlheinz Maier, Ausschuss<br \/>\nMarkus Gra\u00df, Ausschuss<\/p>\n<h5>Mittelberg (2 mitglieder)<\/h5>\n<p>Erich DeCet , Vorstand, Ausschuss<br \/>\nAnton Egger, Ausschuss<\/p>\n<h5>Gurtis (1 mitglied)<\/h5>\n<p>Karl Gantner, Ausschuss<\/p>\n<h5>delegierte der Marktgemeinde Nenzing im AUSSCHUSS<br \/>\n(3 delegierte) (neu ab 07.05.2025)<\/h5>\n<p>Gerhard Kaufmann, Vizeobmann, Vorstand, Ausschuss<br \/>\nRaimund Zaggl, Ausschuss<br \/>\nMelitta Gassner, Ausschuss<\/p>\n<div class=\"page\" title=\"Page 1\">\n<h5><strong>Aufsichtsrat ab November 2025<\/strong><\/h5>\n<p>Hermann Jutz, Vorsitzender, Aufsichtsrat<br \/>\nThomas Burtscher, Aufsichtsratsstellvertreter<br \/>\nJohann Kessler, Aufsichtsrat<br \/>\nRoman Gantner, Mittelberg, Aufsichtsrat<br \/>\nAndre Stecher, Delegierter der Gemeinde<\/p>\n<p>Lukas Praxmarer, Ersatz<br \/>\nStefan Potocan, Ersatz<br \/>\nStefan Egger, Mittelberg, Ersatz<\/p>\n<\/div>\n<p>Bei der konstituierenden Sitzung der Agrar Nenzing am 2. Dezember 2024 unter dem Vorsitz von Hermann Jutz als Aufsichtsratsvorsitzender wurde der amtierende Obmann Johannes Maier wieder best\u00e4tigt. Weiters wurden Johann Burtscher und Werner Fritsch f\u00fcr Nenzing-Dorf und Erich Decet f\u00fcr Mittelberg-Gurtis in den Vorstand gew\u00e4hlt. Als Delegierter der Marktgemeinde Nenzing erg\u00e4nzt Herbert Greussing den Vorstand, der gem\u00e4\u00df Statuten gleichzeitig als Obmann-Stellvertreter fungiert. Hermann Jutz und Obmann Johannes Maier bedankten sich abschlie\u00dfend f\u00fcr die gute Wahlbeteiligung der Mitglieder und die Bereitschaft der gew\u00e4hlten Ausschussmitglieder f\u00fcr eine sachliche und engagierte Zusammenarbeit, um die vielf\u00e4ltigen und umfangreichen Aufgaben der Agrar auch zuk\u00fcnftig zu bew\u00e4ltigen.<\/p>\n<p>&nbsp;<\/p>\n<div class=\"page\" title=\"Page 1\"><\/div>\n","protected":false},"excerpt":{"rendered":"<p>Vorstand der agrargemeinschaft nenzing von links nach rechts: Erich Decet (Vorstand Mittelberg-Gurtis) Gerhard Kaufmann (Obmann-Stellvertreter, Vertreter der Marktgemeinde Nenzing) Johann Burtscher (Vorstand Nenzing-Dorf) Johannes Maier (Obmann) Werner Fritsch (Vorstand Nenzing-Dorf) Hermann Jutz (Aufsichtsratsvorsitzender) AUSSCHUSS ab November 2024 Bei den Ausschusswahlen im November 2024 wurde nachstehender Ausschuss f\u00fcr die n\u00e4chsten vier Jahre von den Mitgliedern der &hellip; <\/p>\n<p class=\"link-more\"><a href=\"https:\/\/agrar-nenzing.at\/?page_id=208\" class=\"more-link\"><span class=\"screen-reader-text\">\u201eVorstand, Ausschuss, Aufsichtsrat\u201c <\/span>weiterlesen<\/a><\/p>\n","protected":false},"author":75,"featured_media":0,"parent":43,"menu_order":0,"comment_status":"closed","ping_status":"closed","template":"","meta":{"footnotes":""},"class_list":["post-208","page","type-page","status-publish","hentry"],"_links":{"self":[{"href":"https:\/\/agrar-nenzing.at\/index.php?rest_route=\/wp\/v2\/pages\/208","targetHints":{"allow":["GET"]}}],"collection":[{"href":"https:\/\/agrar-nenzing.at\/index.php?rest_route=\/wp\/v2\/pages"}],"about":[{"href":"https:\/\/agrar-nenzing.at\/index.php?rest_route=\/wp\/v2\/types\/page"}],"author":[{"embeddable":true,"href":"https:\/\/agrar-nenzing.at\/index.php?rest_route=\/wp\/v2\/users\/75"}],"replies":[{"embeddable":true,"href":"https:\/\/agrar-nenzing.at\/index.php?rest_route=%2Fwp%2Fv2%2Fcomments&post=208"}],"version-history":[{"count":20,"href":"https:\/\/agrar-nenzing.at\/index.php?rest_route=\/wp\/v2\/pages\/208\/revisions"}],"predecessor-version":[{"id":5151,"href":"https:\/\/agrar-nenzing.at\/index.php?rest_route=\/wp\/v2\/pages\/208\/revisions\/5151"}],"up":[{"embeddable":true,"href":"https:\/\/agrar-nenzing.at\/index.php?rest_route=\/wp\/v2\/pages\/43"}],"wp:attachment":[{"href":"https:\/\/agrar-nenzing.at\/index.php?rest_route=%2Fwp%2Fv2%2Fmedia&parent=208"}],"curies":[{"name":"wp","href":"https:\/\/api.w.org\/{rel}","templated":true}]}}