{"id":3282,"date":"2020-04-27T11:29:43","date_gmt":"2020-04-27T11:29:43","guid":{"rendered":"https:\/\/agrar-nenzing.at\/?page_id=3282"},"modified":"2024-05-19T13:53:14","modified_gmt":"2024-05-19T13:53:14","slug":"jahresberechtigungsschein-anfordungsformular","status":"publish","type":"page","link":"https:\/\/agrar-nenzing.at\/?page_id=3282","title":{"rendered":"Jahresberechtigungsschein Anfordungsformular"},"content":{"rendered":"<p><a href=\"https:\/\/agrar-nenzing.at\/?page_id=783\">im Sinne der Statuten G\u00fcterwegweggenossenschaft Nenzing-Gamperdonaweg<\/a><\/p>\n<p><strong>JAHRESBERECHTIGUNGSCHEIN \u00a0ANFORDERUNG\u00a0<\/strong><\/p>\n<div class=\"forminator-ui forminator-custom-form forminator-custom-form-4424 forminator-design--default  forminator_ajax\" data-forminator-render=\"0\" data-form=\"forminator-module-4424\" data-uid=\"69f3b9278450d\"><br\/><\/div><form\n\t\t\t\tid=\"forminator-module-4424\"\n\t\t\t\tclass=\"forminator-ui forminator-custom-form forminator-custom-form-4424 forminator-design--default  forminator_ajax\"\n\t\t\t\tmethod=\"post\"\n\t\t\t\tdata-forminator-render=\"0\"\n\t\t\t\tdata-form-id=\"4424\"\n\t\t\t\t data-color-option=\"default\" data-design=\"default\" data-grid=\"open\" style=\"display: none;\"\n\t\t\t\tdata-uid=\"69f3b9278450d\"\n\t\t\t><div role=\"alert\" aria-live=\"polite\" class=\"forminator-response-message forminator-error\" aria-hidden=\"true\"><\/div><div class=\"forminator-row\"><div id=\"text-1\" class=\"forminator-field-text forminator-col forminator-col-12 \"><div class=\"forminator-field\"><label for=\"forminator-field-text-1_69f3b9278450d\" id=\"forminator-field-text-1_69f3b9278450d-label\" class=\"forminator-label\">Vorname\/Name <span class=\"forminator-required\">*<\/span><\/label><input type=\"text\" name=\"text-1\" value=\"\" placeholder=\"\" id=\"forminator-field-text-1_69f3b9278450d\" class=\"forminator-input forminator-name--field\" data-required=\"1\" \/><\/div><\/div><\/div><div class=\"forminator-row\"><div id=\"text-2\" class=\"forminator-field-text forminator-col forminator-col-12 \"><div class=\"forminator-field\"><label for=\"forminator-field-text-2_69f3b9278450d\" id=\"forminator-field-text-2_69f3b9278450d-label\" class=\"forminator-label\">Adresse <span class=\"forminator-required\">*<\/span><\/label><input type=\"text\" name=\"text-2\" value=\"\" placeholder=\"\" id=\"forminator-field-text-2_69f3b9278450d\" class=\"forminator-input forminator-name--field\" data-required=\"1\" \/><\/div><\/div><\/div><div class=\"forminator-row\"><div id=\"text-3\" class=\"forminator-field-text forminator-col forminator-col-12 \"><div class=\"forminator-field\"><label for=\"forminator-field-text-3_69f3b9278450d\" id=\"forminator-field-text-3_69f3b9278450d-label\" class=\"forminator-label\">PLZ\/Ort <span class=\"forminator-required\">*<\/span><\/label><input type=\"text\" name=\"text-3\" value=\"\" placeholder=\"\" id=\"forminator-field-text-3_69f3b9278450d\" class=\"forminator-input forminator-name--field\" data-required=\"1\" \/><\/div><\/div><\/div><div class=\"forminator-row\"><div id=\"phone-1\" class=\"forminator-field-phone forminator-col forminator-col-12 \"><div class=\"forminator-field\"><label for=\"forminator-field-phone-1_69f3b9278450d\" id=\"forminator-field-phone-1_69f3b9278450d-label\" class=\"forminator-label\">Telefonnummer <span class=\"forminator-required\">*<\/span><\/label><input type=\"text\" name=\"phone-1\" value=\"\" placeholder=\"\" id=\"forminator-field-phone-1_69f3b9278450d\" class=\"forminator-input forminator-field--phone\" data-required=\"1\" aria-required=\"true\" autocomplete=\"off\" \/><\/div><\/div><\/div><div class=\"forminator-row\"><div id=\"radio-1\" class=\"forminator-field-radio forminator-col forminator-col-12 \"><div role=\"radiogroup\" class=\"forminator-field\" aria-labelledby=\"forminator-radiogroup-radio-1-69f3b9278450d-label\"><label id=\"forminator-field-radio-1-label-1\" for=\"forminator-field-radio-1-1-69f3b9278450d\" class=\"forminator-radio\" title=\"PKW\"><input type=\"radio\" name=\"radio-1\" value=\"PKW\" id=\"forminator-field-radio-1-1-69f3b9278450d\" aria-labelledby=\"forminator-field-radio-1-label-1\" data-calculation=\"0\" checked=\"checked\" \/><span class=\"forminator-radio-bullet\" aria-hidden=\"true\"><\/span><span class=\"forminator-radio-label\">PKW<\/span><\/label><label id=\"forminator-field-radio-1-label-2\" for=\"forminator-field-radio-1-2-69f3b9278450d\" class=\"forminator-radio\" title=\"PKW (Zulassung &gt; 5 Personen)\"><input type=\"radio\" name=\"radio-1\" value=\"PKW (Zulassung &gt; 5 Personen)\" id=\"forminator-field-radio-1-2-69f3b9278450d\" aria-labelledby=\"forminator-field-radio-1-label-2\" data-calculation=\"0\"  \/><span class=\"forminator-radio-bullet\" aria-hidden=\"true\"><\/span><span class=\"forminator-radio-label\">PKW (Zulassung &gt; 5 Personen)<\/span><\/label><\/div><\/div><\/div><div class=\"forminator-row\"><div id=\"text-4\" class=\"forminator-field-text forminator-col forminator-col-12 \"><div class=\"forminator-field\"><label for=\"forminator-field-text-4_69f3b9278450d\" id=\"forminator-field-text-4_69f3b9278450d-label\" class=\"forminator-label\">Kennzeichen <span class=\"forminator-required\">*<\/span><\/label><input type=\"text\" name=\"text-4\" value=\"\" placeholder=\"\" id=\"forminator-field-text-4_69f3b9278450d\" class=\"forminator-input forminator-name--field\" data-required=\"1\" \/><\/div><\/div><\/div><div class=\"forminator-row\"><div id=\"text-5\" class=\"forminator-field-text forminator-col forminator-col-12 \"><div class=\"forminator-field\"><label for=\"forminator-field-text-5_69f3b9278450d\" id=\"forminator-field-text-5_69f3b9278450d-label\" class=\"forminator-label\">Automarke\/Type <span class=\"forminator-required\">*<\/span><\/label><input type=\"text\" name=\"text-5\" value=\"\" placeholder=\"\" id=\"forminator-field-text-5_69f3b9278450d\" class=\"forminator-input forminator-name--field\" data-required=\"1\" \/><\/div><\/div><\/div><div class=\"forminator-row\"><div id=\"text-6\" class=\"forminator-field-text forminator-col forminator-col-12 \"><div class=\"forminator-field\"><label for=\"forminator-field-text-6_69f3b9278450d\" id=\"forminator-field-text-6_69f3b9278450d-label\" class=\"forminator-label\">Farbe Auto <span class=\"forminator-required\">*<\/span><\/label><input type=\"text\" name=\"text-6\" value=\"\" placeholder=\"\" id=\"forminator-field-text-6_69f3b9278450d\" class=\"forminator-input forminator-name--field\" data-required=\"1\" \/><\/div><\/div><\/div><div class=\"forminator-row\"><div id=\"text-7\" class=\"forminator-field-text forminator-col forminator-col-12 \"><div class=\"forminator-field\"><label for=\"forminator-field-text-7_69f3b9278450d\" id=\"forminator-field-text-7_69f3b9278450d-label\" class=\"forminator-label\">H\u00fcttennummer wenn vorhanden<\/label><input type=\"text\" name=\"text-7\" value=\"\" placeholder=\"\" id=\"forminator-field-text-7_69f3b9278450d\" class=\"forminator-input forminator-name--field\" data-required=\"\" \/><\/div><\/div><\/div><div class=\"forminator-row\"><div id=\"text-8\" class=\"forminator-field-text forminator-col forminator-col-12 \"><div class=\"forminator-field\"><label for=\"forminator-field-text-8_69f3b9278450d\" id=\"forminator-field-text-8_69f3b9278450d-label\" class=\"forminator-label\">Mailadresse<\/label><input type=\"text\" name=\"text-8\" value=\"\" placeholder=\"\" id=\"forminator-field-text-8_69f3b9278450d\" class=\"forminator-input forminator-name--field\" data-required=\"\" \/><\/div><\/div><\/div><input type=\"hidden\" name=\"referer_url\" value=\"\" \/><div class=\"forminator-row forminator-row-last\"><div class=\"forminator-col\"><div class=\"forminator-field\"><div class=\"frc-captcha\" data-sitekey=\"FCMV8R83KSDFTKN8\" data-theme=\"light\" ><\/div>\n\t\t<noscript>You need to enable Javascript for the anti-spam check.<\/noscript><button class=\"forminator-button forminator-button-submit\">Senden<\/button><\/div><\/div><\/div><input type=\"hidden\" id=\"forminator_nonce\" name=\"forminator_nonce\" value=\"a3e43a8453\" \/><input type=\"hidden\" name=\"_wp_http_referer\" value=\"\/index.php?rest_route=%2Fwp%2Fv2%2Fpages%2F3282\" \/><input type=\"hidden\" name=\"form_id\" value=\"4424\"><input type=\"hidden\" name=\"page_id\" value=\"3282\"><input type=\"hidden\" name=\"form_type\" value=\"default\"><input type=\"hidden\" name=\"current_url\" value=\"https:\/\/agrar-nenzing.at\/?page_id=3282\"><input type=\"hidden\" name=\"render_id\" value=\"0\"><input type=\"hidden\" name=\"action\" value=\"forminator_submit_form_custom-forms\"><label for=\"input_11\" class=\"forminator-hidden\" aria-hidden=\"true\">Bitte f\u00fclle dieses Feld nicht aus. <input id=\"input_11\" type=\"text\" name=\"input_11\" value=\"\" autocomplete=\"off\"><\/label><\/form>\n<p>Wir schicken Ihnen gerne eine Rechnung!<\/p>\n<p>Berechtigt sind Personen mit Hauptwohnsitz in Nenzing, bzw. H\u00fcttenberechtigte.<\/p>\n<p>Mit Bezahlung der Berechtigungsgeb\u00fchr mittels Rechnung, ist die Befahrung des Gamperdonaweges bewilligt und die allgemeinen Ben\u00fctzungsbedingungen werden damit anerkannt. Die Rechnung gilt als Berechtigungsschein und ist im Fahrzeug mitzuf\u00fchren.\u00a0Das Pickerle ist sichtbar an der Windschutzscheibe anzubringen!<\/p>\n<p>Tagesscheine k\u00f6nnen ausschlie\u00dflich von Berechtigten beim Automat beim Verwaltungsgeb\u00e4ude wie bisher gel\u00f6st werden.<\/p>\n<p>Die Daten werden von der G\u00fcterweggenossenschaft Gamperdona zum Zwecke der Verwaltung und Kontrolle verwendet. N\u00e4here Informationen dazu finden sie in unserer <a href=\"https:\/\/agrar-nenzing.at\/?page_id=2061\">Datenschutzerkl\u00e4rung<\/a>. Die Daten werden elektronisch gespeichert.<\/p>\n<h2><\/h2>\n","protected":false},"excerpt":{"rendered":"<p>im Sinne der Statuten G\u00fcterwegweggenossenschaft Nenzing-Gamperdonaweg JAHRESBERECHTIGUNGSCHEIN \u00a0ANFORDERUNG\u00a0 Wir schicken Ihnen gerne eine Rechnung! Berechtigt sind Personen mit Hauptwohnsitz in Nenzing, bzw. H\u00fcttenberechtigte. Mit Bezahlung der Berechtigungsgeb\u00fchr mittels Rechnung, ist die Befahrung des Gamperdonaweges bewilligt und die allgemeinen Ben\u00fctzungsbedingungen werden damit anerkannt. Die Rechnung gilt als Berechtigungsschein und ist im Fahrzeug mitzuf\u00fchren.\u00a0Das Pickerle ist sichtbar &hellip; <\/p>\n<p class=\"link-more\"><a href=\"https:\/\/agrar-nenzing.at\/?page_id=3282\" class=\"more-link\"><span class=\"screen-reader-text\">\u201eJahresberechtigungsschein Anfordungsformular\u201c <\/span>weiterlesen<\/a><\/p>\n","protected":false},"author":75,"featured_media":0,"parent":79,"menu_order":2,"comment_status":"closed","ping_status":"closed","template":"","meta":{"footnotes":""},"class_list":["post-3282","page","type-page","status-publish","hentry"],"_links":{"self":[{"href":"https:\/\/agrar-nenzing.at\/index.php?rest_route=\/wp\/v2\/pages\/3282","targetHints":{"allow":["GET"]}}],"collection":[{"href":"https:\/\/agrar-nenzing.at\/index.php?rest_route=\/wp\/v2\/pages"}],"about":[{"href":"https:\/\/agrar-nenzing.at\/index.php?rest_route=\/wp\/v2\/types\/page"}],"author":[{"embeddable":true,"href":"https:\/\/agrar-nenzing.at\/index.php?rest_route=\/wp\/v2\/users\/75"}],"replies":[{"embeddable":true,"href":"https:\/\/agrar-nenzing.at\/index.php?rest_route=%2Fwp%2Fv2%2Fcomments&post=3282"}],"version-history":[{"count":11,"href":"https:\/\/agrar-nenzing.at\/index.php?rest_route=\/wp\/v2\/pages\/3282\/revisions"}],"predecessor-version":[{"id":4427,"href":"https:\/\/agrar-nenzing.at\/index.php?rest_route=\/wp\/v2\/pages\/3282\/revisions\/4427"}],"up":[{"embeddable":true,"href":"https:\/\/agrar-nenzing.at\/index.php?rest_route=\/wp\/v2\/pages\/79"}],"wp:attachment":[{"href":"https:\/\/agrar-nenzing.at\/index.php?rest_route=%2Fwp%2Fv2%2Fmedia&parent=3282"}],"curies":[{"name":"wp","href":"https:\/\/api.w.org\/{rel}","templated":true}]}}