{"id":48,"date":"2017-01-10T09:22:30","date_gmt":"2017-01-10T09:22:30","guid":{"rendered":"http:\/\/agrar-nenzing.at\/?page_id=48"},"modified":"2017-01-19T17:19:08","modified_gmt":"2017-01-19T17:19:08","slug":"wald","status":"publish","type":"page","link":"https:\/\/agrar-nenzing.at\/?page_id=48","title":{"rendered":"Wald"},"content":{"rendered":"<p align=\"LEFT\">Die W\u00e4lder der Agrargemeinschaft Nenzing sind durch einen hohen Anteil von Fl\u00e4chen mit ausgesprochener Steilheit, schlechter Begehbarkeit und Rutschungsgef\u00e4hrdung gepr\u00e4gt. Aus diesem Grund ist der Schutzwaldanteil beim Hochwald mit 85 Prozent eine betriebswirtschaftliche Herausforderung.<\/p>\n<p align=\"LEFT\">Die nat\u00fcrliche Waldzusammensetzung in den Gebieten der Agrargemeinschaft Nenzing hat in den tieferen und mittleren Lagen einen hohen Laubholzanteil. Zur Erhaltung der Stabilit\u00e4t der Best\u00e4nde und der Bodenfruchtbarkeit ist speziell auf tiefgr\u00fcndigen B\u00f6den die Wei\u00dftanne unbedingt erforderlich. Die waldbauliche Zielsetzung besteht darin, Mischbest\u00e4nde zu schaffen, die gegen\u00fcber Windwurf, Schneebruch, Borkenk\u00e4ferbefall etc. sehr widerstandsf\u00e4hig sind. Durch einen entsprechenden Anteil an Nadelb\u00e4umen soll eine hohe Wertleistung erzielt werden, um die Nutzungsanspr\u00fcche der Mitglieder nachhaltig gew\u00e4hrleisten zu k\u00f6nnen.<\/p>\n<p align=\"LEFT\">Die W\u00e4lder der Agrargemeinschaft Nenzing weisen sehr viel hiebsreifes Starkholz auf. In den vergangenen Jahrzehnten konnte die Waldverj\u00fcngung wegen starker Schalenwildbelastung auf der gesamten Fl\u00e4che nicht im erforderlichen Ma\u00dfe aufkommen. Dadurch besteht die dringende\u00a0 Notwendigkeit, nach erfolgter Reduzierung des Wildbestandes, die W\u00e4lder der Agrargemeinschaft auf der gesamten Fl\u00e4che zu verj\u00fcngen. Dies wird in den meisten F\u00e4llen durch die gruppenweise Entnahme von starken B\u00e4umen und schlecht\u00a0\u00a0gewachsenen Exemplaren durchzuf\u00fchren sein. Aufgrund der guten Erschlie\u00dfung mit Forstwegen k\u00f6nnen heute Seilkr\u00e4nen effizient und dennoch klein fl\u00e4chig zur Verj\u00fcngung der Schutzw\u00e4lder eingesetzt werden. Inzwischen werden 60\u2013 80 Prozent des Einschlages mittels Seilkrannutzungen durchgef\u00fchrt. In steilen Schutzw\u00e4ldern und Best\u00e4nden mit starker Verunkrautung ist es notwendig, Holz liegen zu lassen. Dies stellt keine Verschwendung oder Nachl\u00e4ssigkeit dar. Liegengelassenes Holz kann sehr oft den Schneeschub und Steinschlag vermindern und bietet im vermoderten Zustand ein ideales Keimbeet f\u00fcr die Waldverj\u00fcngung. Selbstverst\u00e4ndlich wird vorrangig Holz von schlechter Qualit\u00e4t liegengelassen. Als Beitrag zur Erhaltung verschiedener Vogelarten wird ab und zu bewusst ein d\u00fcrrer Baum stehengelassen. Unter bestimmten Voraussetzungen unterst\u00fctzt das Land Vorarlberg die genannten Ma\u00dfnahmen.<\/p>\n<p><a href=\"http:\/\/agrar-nenzing.at\/?page_id=66\">Schutzwaldpreis<\/a><\/p>\n<figure id=\"attachment_398\" aria-describedby=\"caption-attachment-398\" style=\"width: 525px\" class=\"wp-caption alignnone\"><img loading=\"lazy\" decoding=\"async\" class=\"wp-image-398 size-large\" src=\"http:\/\/agrar-nenzing.at\/wp-content\/uploads\/2017\/01\/DSC_2146-e1484577306542-680x1024.jpg\" width=\"525\" height=\"791\" \/><figcaption id=\"caption-attachment-398\" class=\"wp-caption-text\">Mengschlucht<\/figcaption><\/figure>\n","protected":false},"excerpt":{"rendered":"<p>Die W\u00e4lder der Agrargemeinschaft Nenzing sind durch einen hohen Anteil von Fl\u00e4chen mit ausgesprochener Steilheit, schlechter Begehbarkeit und Rutschungsgef\u00e4hrdung gepr\u00e4gt. Aus diesem Grund ist der Schutzwaldanteil beim Hochwald mit 85 Prozent eine betriebswirtschaftliche Herausforderung. Die nat\u00fcrliche Waldzusammensetzung in den Gebieten der Agrargemeinschaft Nenzing hat in den tieferen und mittleren Lagen einen hohen Laubholzanteil. Zur Erhaltung &hellip; <\/p>\n<p class=\"link-more\"><a href=\"https:\/\/agrar-nenzing.at\/?page_id=48\" class=\"more-link\"><span class=\"screen-reader-text\">\u201eWald\u201c <\/span>weiterlesen<\/a><\/p>\n","protected":false},"author":75,"featured_media":0,"parent":0,"menu_order":0,"comment_status":"closed","ping_status":"closed","template":"","meta":{"footnotes":""},"class_list":["post-48","page","type-page","status-publish","hentry"],"_links":{"self":[{"href":"https:\/\/agrar-nenzing.at\/index.php?rest_route=\/wp\/v2\/pages\/48","targetHints":{"allow":["GET"]}}],"collection":[{"href":"https:\/\/agrar-nenzing.at\/index.php?rest_route=\/wp\/v2\/pages"}],"about":[{"href":"https:\/\/agrar-nenzing.at\/index.php?rest_route=\/wp\/v2\/types\/page"}],"author":[{"embeddable":true,"href":"https:\/\/agrar-nenzing.at\/index.php?rest_route=\/wp\/v2\/users\/75"}],"replies":[{"embeddable":true,"href":"https:\/\/agrar-nenzing.at\/index.php?rest_route=%2Fwp%2Fv2%2Fcomments&post=48"}],"version-history":[{"count":5,"href":"https:\/\/agrar-nenzing.at\/index.php?rest_route=\/wp\/v2\/pages\/48\/revisions"}],"predecessor-version":[{"id":449,"href":"https:\/\/agrar-nenzing.at\/index.php?rest_route=\/wp\/v2\/pages\/48\/revisions\/449"}],"wp:attachment":[{"href":"https:\/\/agrar-nenzing.at\/index.php?rest_route=%2Fwp%2Fv2%2Fmedia&parent=48"}],"curies":[{"name":"wp","href":"https:\/\/api.w.org\/{rel}","templated":true}]}}