{"id":58,"date":"2017-01-04T09:43:51","date_gmt":"2017-01-04T09:43:51","guid":{"rendered":"http:\/\/agrar-nenzing.at\/?page_id=58"},"modified":"2021-03-23T10:34:05","modified_gmt":"2021-03-23T10:34:05","slug":"impressum","status":"publish","type":"page","link":"https:\/\/agrar-nenzing.at\/?page_id=58","title":{"rendered":"Impressum"},"content":{"rendered":"<p>Agrargemeinschaft Nenzing<br \/>\nAm Platz 10<br \/>\n6710 Nenzing<br \/>\n\u00d6sterreich<\/p>\n<p>++43 5525 62144<\/p>\n<p>Gesch\u00e4ftsf\u00fchrer DI Siegbert Terzer<br \/>\nObmann Johannes Maier<br \/>\nBetriebsnummer 4051386<br \/>\nATU 36077507<\/p>\n<p>&nbsp;<\/p>\n","protected":false},"excerpt":{"rendered":"<p>Agrargemeinschaft Nenzing Am Platz 10 6710 Nenzing \u00d6sterreich ++43 5525 62144 Gesch\u00e4ftsf\u00fchrer DI Siegbert Terzer Obmann Johannes Maier Betriebsnummer 4051386 ATU 36077507 &nbsp;<\/p>\n","protected":false},"author":75,"featured_media":0,"parent":57,"menu_order":0,"comment_status":"closed","ping_status":"closed","template":"","meta":{"footnotes":""},"class_list":["post-58","page","type-page","status-publish","hentry"],"_links":{"self":[{"href":"https:\/\/agrar-nenzing.at\/index.php?rest_route=\/wp\/v2\/pages\/58","targetHints":{"allow":["GET"]}}],"collection":[{"href":"https:\/\/agrar-nenzing.at\/index.php?rest_route=\/wp\/v2\/pages"}],"about":[{"href":"https:\/\/agrar-nenzing.at\/index.php?rest_route=\/wp\/v2\/types\/page"}],"author":[{"embeddable":true,"href":"https:\/\/agrar-nenzing.at\/index.php?rest_route=\/wp\/v2\/users\/75"}],"replies":[{"embeddable":true,"href":"https:\/\/agrar-nenzing.at\/index.php?rest_route=%2Fwp%2Fv2%2Fcomments&post=58"}],"version-history":[{"count":5,"href":"https:\/\/agrar-nenzing.at\/index.php?rest_route=\/wp\/v2\/pages\/58\/revisions"}],"predecessor-version":[{"id":3654,"href":"https:\/\/agrar-nenzing.at\/index.php?rest_route=\/wp\/v2\/pages\/58\/revisions\/3654"}],"up":[{"embeddable":true,"href":"https:\/\/agrar-nenzing.at\/index.php?rest_route=\/wp\/v2\/pages\/57"}],"wp:attachment":[{"href":"https:\/\/agrar-nenzing.at\/index.php?rest_route=%2Fwp%2Fv2%2Fmedia&parent=58"}],"curies":[{"name":"wp","href":"https:\/\/api.w.org\/{rel}","templated":true}]}}