{"id":783,"date":"2017-04-05T09:16:06","date_gmt":"2017-04-05T09:16:06","guid":{"rendered":"http:\/\/agrar-nenzing.at\/?page_id=783"},"modified":"2023-04-07T08:48:35","modified_gmt":"2023-04-07T08:48:35","slug":"befahrungsrichtlinin-gamperdonaweg","status":"publish","type":"page","link":"https:\/\/agrar-nenzing.at\/?page_id=783","title":{"rendered":"Befahrungsrichtlinien Gamperdonaweg"},"content":{"rendered":"<h3><strong>G\u00fcterweggenossenschaft Nenzing \u2013 Gamperdonaweg <\/strong><\/h3>\n<h5><strong>Befahrungsbedingungen<\/strong> zur Benutzung des Gamperdonaweges f\u00fcr Berechtigte<\/h5>\n<p><strong>Der berechtigte Wegbenutzer nimmt folgende Befahrungsbedingungen zustimmend zur Kenntnis:<\/strong><\/p>\n<p>1) Der Weg von Stellfeder nach Gamperdona verl\u00e4uft in einem steilen, zum Teil rutsch- und steinschlaggef\u00e4hrdeten Gel\u00e4nde. Die B\u00f6schungen und der talseitige Fahrbahnrand sind nicht zur G\u00e4nze gesichert. Die Bankette sind nicht befahrbar. Bei einer Verschmutzung der Fahrbahn durch Schotter, Sand oder Lehm, bei Glatteis bzw. Schneefahrbahn ist die Geschwindigkeit des Fahrzeuges den jeweiligen Fahrbahnverh\u00e4ltnissen anzupassen. Der Zustand des Weges wird nicht jeden Tag \u00fcberwacht. Der Benutzer des Weges hat daher bei jeder Fahrt st\u00e4ndig die Benutzbarkeit der Fahrbahn zu pr\u00fcfen und seine Geschwindigkeit so einzurichten, dass er das vor ihm befindliche Teilst\u00fcck des Weges bei jeder Sicht-, Witterungs- und sonstigen Lage \u00fcbersehen und bei Gefahr entsprechend rechtzeitig das Fahrzeug zum Stehen bringen kann.<\/p>\n<p>2) Die H\u00f6chstgeschwindigkeit betr\u00e4gt 25 km\/h.<\/p>\n<p>3) Die Nutzlast bei Traktoranh\u00e4ngern darf 4.000 kg pro Achse nicht \u00fcberschreiten.<\/p>\n<p>4) Bei Gegenverkehr hat das kleinere Fahrzeug (Pkw) dem gr\u00f6\u00dferen Fahrzeug (z.B. Traktor mit Anh\u00e4nger oder Kleinbus mit Personenbef\u00f6rderung) auf die n\u00e4chste Ausweichstelle auszuweichen. Beim Passieren von Wallfahrern oder Wanderern ist das Tempo zu verlangsamen. Bei Viehtrieb hat der Len\u00adker das Fahrzeug bei einer Ausweiche abzustellen und das Vieh von sei\u00adnem Fahrzeug fernzuhalten, um eine Besch\u00e4digung des Fahrzeuges zu verhindern.<\/p>\n<p>5) Auf der gesamten Strecke herrscht Steinschlaggefahr. Bei Gewitter k\u00f6nnen Vermurungen auftreten. Es ist stets auf diese Gefahren zu achten.<\/p>\n<p>6) Das Befahren von Weidefl\u00e4chen und von Forst- und Alpwegen sowie die Benutzung des Wegenetzes im Nenzinger Himmel ist bei einer Vertragsstrafe von bis Euro 500,&#8211; verboten. Die Benutzungserlaubnis gilt nur f\u00fcr die direkte, k\u00fcrzestm\u00f6gliche Fahrt zur H\u00fctte bzw. zum Parkplatz beim Alpengasthof Gamperdona. Im Wiederholungsfalle kann die Strafe verdoppelt und die gegenst\u00e4ndliche Benutzungserlaubnis ohne Entsch\u00e4digung entzogen werden.<\/p>\n<p>7) Der Fahrer hat die Bewilligung auf Verlangen den Aufsichtsorganen der G\u00fcterweggenossenschaft oder der Polizei vorzuzeigen. Der Berechtigungsschein ist im Fahrzeug sichtbar anzubringen.<\/p>\n<p>8) Die Benutzungserlaubnis gilt jeweils f\u00fcr das Fahrzeug mit dem im Berechtigungsschein eingetragenen Kennzeichen und nur f\u00fcr den Fall, dass der Berechtigte oder dessen Eltern, Gatte bzw. Gattin oder ein Kind des Berechtigten das Fahrzeug lenkt. Die Benutzung bzw. der Bezug von Berechtigungsscheinen zur Bef\u00f6rderung von Nichtberechtigten in ausw\u00e4rtigen Fahrzeugen ist nicht zul\u00e4ssig.<\/p>\n<p>9) Einzelberechtigungsscheine gelten nur f\u00fcr eine Hin- und R\u00fcckfahrt.<\/p>\n<p>10) Bei der Kontrollstelle auf Stellfeder ist das Fahrzeug anzuhalten.<\/p>\n<p>11) Die angebrachten Verkehrszeichen sind zu beachten.<\/p>\n<p>12) Der Inhaber dieser Benutzungserlaubnis erkl\u00e4rt hiermit ausdr\u00fccklich, die \u00f6rtlichen Verh\u00e4ltnisse des Weges in den Nenzinger Himmel genau zu kennen und best\u00e4tigt, dass er ein einwandfreier, berggewohnter Kraftfahrer ist. Er erkl\u00e4rt, dass er die Fahrt auf eigene Gefahr ausf\u00fchrt und im Falle eines Schadens auf jede Inanspruchnahme der G\u00fcterweggenossenschaft sowie ihrer Organe f\u00fcr sich und seine Rechtsnachfolger verzichtet.<\/p>\n<p>Sollten Fahrg\u00e4ste zu Schaden kommen und diese Schadenersatzanspr\u00fcche bei der G\u00fcterweggenossenschaft oder ihren Organen ansprechen, hat der Inhaber der Genehmigung die G\u00fcterweggenossenschaft bzw. deren Organe schad- und klaglos zu halten.<\/p>\n<p>13) Dauergenehmigungen verlieren ihre G\u00fcltigkeit f\u00fcr die Dauer der Sperre des Weges wegen Bau- und Aufr\u00e4umungsarbeiten, bei Gef\u00e4hrdung durch Muren und Rutschungen und w\u00e4hrend der Dauer der Wintersperre.<\/p>\n<p>14) Im \u00dcbrigen gelten sinngem\u00e4\u00df die Bestimmungen der STVO.<\/p>\n<p>15) Bei Verst\u00f6\u00dfen gegen die Befahrungsbedingungen, die Wegordnung oder Anweisungen der Organe bzw. Beauftragte der Weggenossenschaft kann die Weggenossenschaft die Benutzungsbewilligung ohne R\u00fcckersatz der Wegbenutzungsgeb\u00fchr mit sofortiger Wirkung widerrufen.<\/p>\n<p>16) Dauergenehmigungen gelten nur f\u00fcr das Fahrzeug mit dem im Berechtigungsschein angef\u00fchrten Kennzeichen. Sie sind nur bei gleichzeitigem ordnungsgem\u00e4ssen Aufkleben der ausgefolgten Berechtigungspickerl auf der Windschutzscheibe g\u00fcltig. F\u00fcr Fahrzeuge mit Wechselkennzeichen werden nach Bedarf mehrere Berechtigungspickerl ausgegeben.<\/p>\n<p>17) <strong>Datenschutzhinweis:<\/strong><br \/>\nIm Rahmen des Erwerbs eines Berechtigungsscheins ist es erforderlich, pers\u00f6nliche Daten zu verarbeiten und zu speichern. S\u00e4mtliche personenbezogene Daten des berechtigten Wegbenutzers werden zu administrativen Zwecken (Vertragserf\u00fcllung) verarbeitet. Zu Sicherheits- und Kontrollzwecken werden ggf. die Fahrbewegungen und KfZ-Kennzeichen des berechtigten Wegbenutzers mittels elektronischer \u00dcberwachung (z.B. Video\u00fcberwachung) erfasst und gespeichert. Mit dem Erwerb eines Berechtigungsscheines nimmt der Wegbenutzer die <a href=\"https:\/\/agrar-nenzing.at\/?page_id=2061\">Datenschutzerkl\u00e4rung<\/a> der Agrargemeinschaft Nenzing zur Kenntnis und best\u00e4tigt \u00fcber seine diesbez\u00fcglichen Rechte informiert worden zu sein. N\u00e4here Informationen zur\u00a0 Datenschutzerkl\u00e4rung finden Sie im Aushang sowie auf der Webseite der Agrargemeinschaft Nenzing <a href=\"https:\/\/agrar-nenzing.at\/?page_id=2061\">Datenschutzerkl\u00e4rung<\/a>.<\/p>\n<p>18) Aus Gr\u00fcnden der Lesefreundlichkeit verwenden wir in diesem Text das generische Maskulinum. Selbstverst\u00e4ndlich sind aber alle Geschlechter gleicherma\u00dfen gemeint.<\/p>\n<h5><strong>Richtlinien<\/strong> zur Benutzung des Gamperdonaweges<\/h5>\n<ul class=\"listeRichtlinien\">\n<li><span id=\"page20R_mcid1\" class=\"markedContent\"><span dir=\"ltr\" role=\"presentation\">TOURISTEN und WANDERER<br \/>\n<\/span><\/span><span id=\"page20R_mcid1\" class=\"markedContent\"><span dir=\"ltr\" role=\"presentation\">haben die M\u00f6glichkeit mit<\/span> <span dir=\"ltr\" role=\"presentation\">Busu<\/span><span dir=\"ltr\" role=\"presentation\">nternehmen<\/span> <span dir=\"ltr\" role=\"presentation\">aus Nenzing in den Nenzinger H<\/span><span dir=\"ltr\" role=\"presentation\">immel zu fahren.<\/span><\/span><span class=\"markedContent\"><span class=\"markedContent\"><br \/>\n<span dir=\"ltr\" role=\"presentation\">Borg Friedhelm<\/span> <span dir=\"ltr\" role=\"presentation\">05525\/62594<\/span><\/span><\/span><\/li>\n<li><span id=\"page20R_mcid4\" class=\"markedContent\"><span dir=\"ltr\" role=\"presentation\">BER<\/span><span dir=\"ltr\" role=\"presentation\">E<\/span><span dir=\"ltr\" role=\"presentation\">CHTIGT<\/span> <span dir=\"ltr\" role=\"presentation\">zur<\/span> <span dir=\"ltr\" role=\"presentation\">Befahrung<\/span> <span dir=\"ltr\" role=\"presentation\">des Gamperdonaweges sind<\/span><span dir=\"ltr\" role=\"presentation\">:<\/span><\/span><span id=\"page20R_mcid5\" class=\"markedContent\"><br role=\"presentation\" \/><span dir=\"ltr\" role=\"presentation\">&#8211;<\/span> <span dir=\"ltr\" role=\"presentation\">Ortsbewohner Nenzing<\/span><\/span><span id=\"page20R_mcid6\" class=\"markedContent\"><br role=\"presentation\" \/><span dir=\"ltr\" role=\"presentation\">&#8211;<\/span> <span dir=\"ltr\" role=\"presentation\">H\u00fcttenbesitzerInnen im Nenzinger Himmel (Liste bei Verwaltung)<\/span><\/span><span class=\"markedContent\"><span class=\"markedContent\"><br role=\"presentation\" \/><span dir=\"ltr\" role=\"presentation\">&#8211;<\/span> <span dir=\"ltr\" role=\"presentation\">InhaberInnen einer schriftlichen So<\/span><span dir=\"ltr\" role=\"presentation\">ndergenehmigung<\/span><\/span><\/span><\/li>\n<li><span class=\"markedContent\"><span class=\"markedContent\"><span dir=\"ltr\" role=\"presentation\">AUSSTELLUNGSTAG<\/span><br role=\"presentation\" \/><span dir=\"ltr\" role=\"presentation\">F\u00fcr die Hinfahrt ist der<\/span> <span dir=\"ltr\" role=\"presentation\">Berecht<\/span><span dir=\"ltr\" role=\"presentation\">i<\/span><span dir=\"ltr\" role=\"presentation\">gungs<\/span><span dir=\"ltr\" role=\"presentation\">schein nur f\u00fcr den Ausstellungstag g\u00fcltig.<\/span><\/span><\/span><\/li>\n<li><span class=\"markedContent\"><span class=\"markedContent\"><span dir=\"ltr\" role=\"presentation\">G\u00dcLTIGKEIT<\/span><br role=\"presentation\" \/><span dir=\"ltr\" role=\"presentation\">F\u00fcr die G\u00fcltigkeit des<\/span> <span dir=\"ltr\" role=\"presentation\">Berechtigungs<\/span><span dir=\"ltr\" role=\"presentation\">scheines ist der Abriss ausgef\u00fcllt<\/span> <span dir=\"ltr\" role=\"presentation\">(Name, Adresse, K<\/span><span dir=\"ltr\" role=\"presentation\">f<\/span><span dir=\"ltr\" role=\"presentation\">Z<\/span> <span dir=\"ltr\" role=\"presentation\">\u2013<\/span> <span dir=\"ltr\" role=\"presentation\">Kennzeichen, Unterschrift)<\/span> <span dir=\"ltr\" role=\"presentation\">i<\/span><span dir=\"ltr\" role=\"presentation\">n den<\/span> <span dir=\"ltr\" role=\"presentation\">Be<\/span><span dir=\"ltr\" role=\"presentation\">h\u00e4lter<\/span> <span dir=\"ltr\" role=\"presentation\">neben Ausgabeautomat<\/span> <span dir=\"ltr\" role=\"presentation\">einzuwerfen!<\/span><\/span><\/span><\/li>\n<li><span class=\"markedContent\"><span class=\"markedContent\"><span dir=\"ltr\" role=\"presentation\">SICHTBARKEIT<\/span><br role=\"presentation\" \/><span dir=\"ltr\" role=\"presentation\">Der<\/span> <span dir=\"ltr\" role=\"presentation\">Berechtigungs<\/span><span dir=\"ltr\" role=\"presentation\">schein ist im<\/span> <span dir=\"ltr\" role=\"presentation\">F<\/span><span dir=\"ltr\" role=\"presentation\">ahrzeug sichtbar bei der Windschutzscheibe anzubringen und muss auch im geparkten Zustand von den Kontrollorganen<\/span><br role=\"presentation\" \/><span dir=\"ltr\" role=\"presentation\">einsichtbar sein. Bei der<\/span> <span dir=\"ltr\" role=\"presentation\">Kontrollstelle bei Stellf<\/span><span dir=\"ltr\" role=\"presentation\">eder muss angehalten wer<\/span><span dir=\"ltr\" role=\"presentation\">den!<\/span><\/span><\/span><\/li>\n<li><span id=\"page20R_mcid15\" class=\"markedContent\"> <span dir=\"ltr\" role=\"presentation\">SONDERBEWILLIGUNGEN<\/span><br role=\"presentation\" \/><span dir=\"ltr\" role=\"presentation\">k\u00f6nnen auf dieser Homepage<\/span><\/span><span id=\"page20R_mcid16\" class=\"markedContent\"> <\/span><span id=\"page20R_mcid17\" class=\"markedContent\"><span dir=\"ltr\" role=\"presentation\"><a href=\"https:\/\/agrar-nenzing.at\/?page_id=3282\">beantragt<\/a> werd<\/span><span dir=\"ltr\" role=\"presentation\">e<\/span><span dir=\"ltr\" role=\"presentation\">n<\/span><span dir=\"ltr\" role=\"presentation\">.<\/span> <span dir=\"ltr\" role=\"presentation\">Sonderbewilligungen<\/span> <span dir=\"ltr\" role=\"presentation\">werden schriftlich erteilt<\/span><span dir=\"ltr\" role=\"presentation\">. Diese k\u00f6nnen f\u00fcr<\/span> <span dir=\"ltr\" role=\"presentation\">Firmenautos in privater<\/span> <span dir=\"ltr\" role=\"presentation\">dauernder<\/span> <span dir=\"ltr\" role=\"presentation\">Nutzung,<\/span> <span dir=\"ltr\" role=\"presentation\">Ersatzwagen<\/span><span dir=\"ltr\" role=\"presentation\">, Alppersonal<\/span> <span dir=\"ltr\" role=\"presentation\">Handwerker bei H\u00fcttenarbeiten,<\/span> <span dir=\"ltr\" role=\"presentation\">etc.<\/span> <span dir=\"ltr\" role=\"presentation\">beantragt werden, die entsprechenden Best\u00e4tigung<\/span><span dir=\"ltr\" role=\"presentation\">en sind beizulegen<\/span> <span dir=\"ltr\" role=\"presentation\">oder<\/span><br role=\"presentation\" \/><span dir=\"ltr\" role=\"presentation\">per<\/span> <span dir=\"ltr\" role=\"presentation\">E<\/span><span dir=\"ltr\" role=\"presentation\">mail<\/span> <span dir=\"ltr\" role=\"presentation\">an die Verwaltung<\/span> <span dir=\"ltr\" role=\"presentation\">zu<\/span> <span dir=\"ltr\" role=\"presentation\">schicken!<\/span><\/span><span id=\"page20R_mcid18\" class=\"markedContent\"><\/span><span id=\"page20R_mcid19\" class=\"markedContent\"><\/span><span id=\"page20R_mcid20\" class=\"markedContent\"><\/span><span id=\"page20R_mcid21\" class=\"markedContent\"><\/span><span id=\"page20R_mcid21\" class=\"markedContent\"><\/span><span id=\"page20R_mcid21\" class=\"markedContent\"><\/span><\/li>\n<\/ul>\n<p><span id=\"page20R_mcid21\" class=\"markedContent\"><span dir=\"ltr\" role=\"presentation\">G\u00fcterweggenossensc<\/span><span dir=\"ltr\" role=\"presentation\">h<\/span><span dir=\"ltr\" role=\"presentation\">aft Gamperdonaweg<\/span><span dir=\"ltr\" role=\"presentation\">,<\/span> <span dir=\"ltr\" role=\"presentation\">Am Platz 10<\/span><span dir=\"ltr\" role=\"presentation\">,<\/span> <span dir=\"ltr\" role=\"presentation\">6710 Nenzing<\/span><br role=\"presentation\" \/><span dir=\"ltr\" role=\"presentation\">T<\/span><span dir=\"ltr\" role=\"presentation\">elefon: 05525\/62144<\/span><span dir=\"ltr\" role=\"presentation\">,<\/span><\/span><span id=\"page20R_mcid22\" class=\"markedContent\"> <span dir=\"ltr\" role=\"presentation\">verwaltung@agrar<\/span><span dir=\"ltr\" role=\"presentation\">&#8211;<\/span><span dir=\"ltr\" role=\"presentation\">nenzing.at<\/span><\/span><span id=\"page20R_mcid23\" class=\"markedContent\"><span dir=\"ltr\" role=\"presentation\">,<\/span> <span dir=\"ltr\" role=\"presentation\">www.agrar<\/span><span dir=\"ltr\" role=\"presentation\">&#8211;<\/span><span dir=\"ltr\" role=\"presentation\">nenzing.at<\/span><\/span><\/p>\n<p>&nbsp;<\/p>\n","protected":false},"excerpt":{"rendered":"<p>G\u00fcterweggenossenschaft Nenzing \u2013 Gamperdonaweg Befahrungsbedingungen zur Benutzung des Gamperdonaweges f\u00fcr Berechtigte Der berechtigte Wegbenutzer nimmt folgende Befahrungsbedingungen zustimmend zur Kenntnis: 1) Der Weg von Stellfeder nach Gamperdona verl\u00e4uft in einem steilen, zum Teil rutsch- und steinschlaggef\u00e4hrdeten Gel\u00e4nde. Die B\u00f6schungen und der talseitige Fahrbahnrand sind nicht zur G\u00e4nze gesichert. Die Bankette sind nicht befahrbar. Bei einer &hellip; <\/p>\n<p class=\"link-more\"><a href=\"https:\/\/agrar-nenzing.at\/?page_id=783\" class=\"more-link\"><span class=\"screen-reader-text\">\u201eBefahrungsrichtlinien Gamperdonaweg\u201c <\/span>weiterlesen<\/a><\/p>\n","protected":false},"author":2,"featured_media":0,"parent":79,"menu_order":2,"comment_status":"closed","ping_status":"closed","template":"","meta":{"footnotes":""},"class_list":["post-783","page","type-page","status-publish","hentry"],"_links":{"self":[{"href":"https:\/\/agrar-nenzing.at\/index.php?rest_route=\/wp\/v2\/pages\/783","targetHints":{"allow":["GET"]}}],"collection":[{"href":"https:\/\/agrar-nenzing.at\/index.php?rest_route=\/wp\/v2\/pages"}],"about":[{"href":"https:\/\/agrar-nenzing.at\/index.php?rest_route=\/wp\/v2\/types\/page"}],"author":[{"embeddable":true,"href":"https:\/\/agrar-nenzing.at\/index.php?rest_route=\/wp\/v2\/users\/2"}],"replies":[{"embeddable":true,"href":"https:\/\/agrar-nenzing.at\/index.php?rest_route=%2Fwp%2Fv2%2Fcomments&post=783"}],"version-history":[{"count":20,"href":"https:\/\/agrar-nenzing.at\/index.php?rest_route=\/wp\/v2\/pages\/783\/revisions"}],"predecessor-version":[{"id":4207,"href":"https:\/\/agrar-nenzing.at\/index.php?rest_route=\/wp\/v2\/pages\/783\/revisions\/4207"}],"up":[{"embeddable":true,"href":"https:\/\/agrar-nenzing.at\/index.php?rest_route=\/wp\/v2\/pages\/79"}],"wp:attachment":[{"href":"https:\/\/agrar-nenzing.at\/index.php?rest_route=%2Fwp%2Fv2%2Fmedia&parent=783"}],"curies":[{"name":"wp","href":"https:\/\/api.w.org\/{rel}","templated":true}]}}